{"id":147293,"date":"2023-06-13T14:38:15","date_gmt":"2023-06-13T14:38:15","guid":{"rendered":"https:\/\/www.talkingmats.com\/a-propos-de\/quest-ce-quun-tapis-parlant\/"},"modified":"2025-09-19T09:10:59","modified_gmt":"2025-09-19T09:10:59","slug":"quest-ce-quun-tapis-parlant","status":"publish","type":"page","link":"https:\/\/www.talkingmats.com\/fr\/a-propos-de\/quest-ce-quun-tapis-parlant\/","title":{"rendered":"Qu&rsquo;est-ce qu&rsquo;un tapis parlant ?"},"content":{"rendered":"\n<p>Un tapis parlant est un cadre de communication visuelle qui aide les personnes ayant des difficult\u00e9s de communication \u00e0 exprimer leurs sentiments et leurs points de vue. Les Talking Mats peuvent \u00eatre r\u00e9alis\u00e9s physiquement ou dans un espace num\u00e9rique, par exemple une tablette, un ordinateur portable ou un ordinateur pour lequel nous avons cr\u00e9\u00e9 l&rsquo;une des meilleures applications pour les troubles de la communication.<\/p>\n<div class=\"wp-block-image\">\n<figure class=\"aligncenter size-large is-resized\"><img decoding=\"async\" src=\"https:\/\/www.talkingmats.com\/wp-content\/uploads\/2021\/09\/Mat-Example-1024x855.png\" alt=\"\" class=\"wp-image-14474\" width=\"512\" height=\"428\" srcset=\"https:\/\/www.talkingmats.com\/wp-content\/uploads\/2021\/09\/Mat-Example-1024x855.png 1024w, https:\/\/www.talkingmats.com\/wp-content\/uploads\/2021\/09\/Mat-Example-300x251.png 300w, https:\/\/www.talkingmats.com\/wp-content\/uploads\/2021\/09\/Mat-Example-768x641.png 768w, https:\/\/www.talkingmats.com\/wp-content\/uploads\/2021\/09\/Mat-Example-1536x1283.png 1536w, https:\/\/www.talkingmats.com\/wp-content\/uploads\/2021\/09\/Mat-Example-2048x1710.png 2048w, https:\/\/www.talkingmats.com\/wp-content\/uploads\/2021\/09\/Mat-Example-600x501.png 600w\" sizes=\"(max-width: 512px) 100vw, 512px\" \/><\/figure>\n<\/div>\n<p>Ci-dessus, vous pouvez voir un exemple de tapis (num\u00e9rique) parlant. Il se compose de trois ensembles de symboles de communication par l&rsquo;image &#8211; un sujet, des options et une \u00e9chelle visuelle &#8211; et d&rsquo;un espace o\u00f9 les afficher.<\/p>\n\n<p>Une fois le sujet choisi, le participant re\u00e7oit les options une \u00e0 une et est invit\u00e9 \u00e0 r\u00e9fl\u00e9chir \u00e0 chacune d&rsquo;entre elles, en la pla\u00e7ant sur le tapis de discussion pour indiquer ce qu&rsquo;il en pense.<\/p>\n\n<h1 class=\"wp-block-heading\">Pourquoi les tapis d&rsquo;\u00e9veil fonctionnent-ils ?<\/h1>\n\n<p>Notre exp\u00e9rience clinique, de recherche et de formation prouve que Talking Mats aide les gens \u00e0 r\u00e9fl\u00e9chir et \u00e0 exprimer leur point de vue sur un sujet particulier. Plusieurs raisons expliquent l&rsquo;efficacit\u00e9 de Talking Mats.<\/p>\n\n<p><strong>Les tapis parlants facilitent la compr\u00e9hension en<\/strong><\/p>\n\n<p>  &#8211; <strong> Aider <\/strong>les gens <strong> \u00e0 <\/strong>assimiler des concepts en d\u00e9composant l&rsquo;information en petits morceaux faciles \u00e0 g\u00e9rer.<\/p>\n\n<p>  &#8211; <strong> Laisser au <\/strong>client le temps de traiter l&rsquo;information et de r\u00e9pondre \u00e0 son propre rythme<\/p>\n\n<p>  &#8211; <strong> R\u00e9duire les <\/strong>exigences en mati\u00e8re de m\u00e9moire<\/p>\n\n<p><strong>Talking Mats am\u00e9liore la qualit\u00e9 de l&rsquo;information :<\/strong><\/p>\n\n<p>  &#8211; <strong> Transmettre <\/strong>le contr\u00f4le au penseur<\/p>\n\n<p>  &#8211; <strong> Fournir <\/strong>un cadre structur\u00e9 pour les questions ouvertes<\/p>\n\n<p>  &#8211; <strong> R\u00e9duire l&rsquo;<\/strong>anxi\u00e9t\u00e9<\/p>\n\n<p>&#8211; <strong>Aider<\/strong> les gens \u00e0 exprimer ce qu&rsquo;ils ressentent vraiment.<\/p>\n\n<h1 class=\"wp-block-heading\">Types de tapis de parole<\/h1>\n\n<h4 class=\"wp-block-heading\"><strong>Ressources en cartes<\/strong><\/h4>\n\n<p>Il s&rsquo;agit de notre dispositif de communication original et peu sophistiqu\u00e9.<\/p>\n\n<ul class=\"wp-block-list\">\n<li>Symboles sp\u00e9cialement con\u00e7us dans un mat\u00e9riau ind\u00e9chirable et facile \u00e0 nettoyer.<\/li>\n\n\n\n<li>Pr\u00e9sent\u00e9s dans des pochettes en plastique transparent avec des cartes postales de r\u00e9f\u00e9rence rapide et un livret d&rsquo;orientation.<\/li>\n\n\n\n<li>Sant\u00e9 et bien-\u00eatre et consultation des enfants et des jeunes Les ressources comprennent un tapis et un sac de commerce \u00e9quitable.<\/li>\n<\/ul>\n\n<p><a href=\"https:\/\/www.talkingmatssite.mtcserver.com\/shop\/\" target=\"_blank\" rel=\"noreferrer noopener\">Acheter ici  <\/a><\/p>\n\n<h4 class=\"wp-block-heading\"><strong>Tapis num\u00e9rique parlant<\/strong><\/h4>\n\n<p>Cette nouvelle version des tapis parlants num\u00e9riques pr\u00e9sente les caract\u00e9ristiques suivantes :<\/p>\n\n<ul class=\"wp-block-list\">\n<li>Une vid\u00e9o de pr\u00e9sentation de la plateforme et de son utilisation.<\/li>\n\n\n\n<li>Acc\u00e8s \u00e0 plus de 30 sujets, selon le niveau d&rsquo;abonnement.<\/li>\n\n\n\n<li>Possibilit\u00e9 de choisir l&rsquo;\u00e9chelle sup\u00e9rieure.<\/li>\n\n\n\n<li>Possibilit\u00e9 de t\u00e9l\u00e9charger vos propres images pour les utiliser dans un tapis.<\/li>\n\n\n\n<li>Une fois form\u00e9, vous avez la possibilit\u00e9 de cr\u00e9er et de conserver un \u00ab tapis personnalis\u00e9 \u00bb que vous pourrez r\u00e9utiliser.<\/li>\n\n\n\n<li>Une fois form\u00e9, vous pouvez acc\u00e9der \u00e0 nos ressources post-formation et avanc\u00e9es.  <\/li>\n\n\n\n<li>Les symboles peuvent appara\u00eetre avec ou sans texte.<\/li>\n\n\n\n<li>Caract\u00e9ristiques d&rsquo;accessibilit\u00e9 suppl\u00e9mentaires.<\/li>\n<\/ul>\n\n<p><a href=\"http:\/\/talkingmats.com\/digital-talking-mats\/\" target=\"_blank\" rel=\"noreferrer noopener\">En savoir plus<\/a><\/p>\n\n<p><a href=\"https:\/\/www.talkingmatssite.mtcserver.com\/shop\/#tab-DigitalTalkingMats\" target=\"_blank\" rel=\"noreferrer noopener\">Acheter ici  <\/a><\/p>\n","protected":false},"excerpt":{"rendered":"<p>Un tapis parlant est un cadre de communication visuelle qui aide les personnes ayant des difficult\u00e9s de communication \u00e0 exprimer&hellip;<\/p>\n","protected":false},"author":26,"featured_media":0,"parent":147282,"menu_order":0,"comment_status":"closed","ping_status":"closed","template":"page-templates\/content_page.php","meta":{"_acf_changed":false,"footnotes":""},"class_list":["post-147293","page","type-page","status-publish","hentry"],"acf":[],"yoast_head":"<!-- This site is optimized with the Yoast SEO plugin v27.3 - https:\/\/yoast.com\/product\/yoast-seo-wordpress\/ -->\n<title>Qu&#039;est-ce qu&#039;un tapis parlant ? - Improving Communication, Improving Lives<\/title>\n<meta name=\"description\" content=\"Talking Mats is a social enterprise whose vision is to improve the lives of people with communication difficulties. Improving communication and improving lives.\" \/>\n<meta name=\"robots\" content=\"index, follow, max-snippet:-1, max-image-preview:large, max-video-preview:-1\" \/>\n<link rel=\"canonical\" href=\"https:\/\/www.talkingmats.com\/fr\/a-propos-de\/quest-ce-quun-tapis-parlant\/\" \/>\n<meta property=\"og:locale\" content=\"fr_FR\" \/>\n<meta property=\"og:type\" content=\"article\" \/>\n<meta property=\"og:title\" content=\"Qu&#039;est-ce qu&#039;un tapis parlant ? - Improving Communication, Improving Lives\" \/>\n<meta property=\"og:description\" content=\"Talking Mats is a social enterprise whose vision is to improve the lives of people with communication difficulties. Improving communication and improving lives.\" \/>\n<meta property=\"og:url\" content=\"https:\/\/www.talkingmats.com\/fr\/a-propos-de\/quest-ce-quun-tapis-parlant\/\" \/>\n<meta property=\"og:site_name\" content=\"Talking Mats\" \/>\n<meta property=\"article:publisher\" content=\"https:\/\/www.facebook.com\/TalkingMats\" \/>\n<meta property=\"article:modified_time\" content=\"2025-09-19T09:10:59+00:00\" \/>\n<meta property=\"og:image\" content=\"https:\/\/www.talkingmats.com\/wp-content\/uploads\/2021\/09\/Mat-Example.png\" \/>\n\t<meta property=\"og:image:width\" content=\"2497\" \/>\n\t<meta property=\"og:image:height\" content=\"2085\" \/>\n\t<meta property=\"og:image:type\" content=\"image\/png\" \/>\n<meta name=\"twitter:card\" content=\"summary_large_image\" \/>\n<meta name=\"twitter:site\" content=\"@TalkingMats\" \/>\n<meta name=\"twitter:label1\" content=\"Dur\u00e9e de lecture estim\u00e9e\" \/>\n\t<meta name=\"twitter:data1\" content=\"2 minutes\" \/>\n<script type=\"application\/ld+json\" class=\"yoast-schema-graph\">{\"@context\":\"https:\\\/\\\/schema.org\",\"@graph\":[{\"@type\":\"WebPage\",\"@id\":\"https:\\\/\\\/www.talkingmats.com\\\/fr\\\/a-propos-de\\\/quest-ce-quun-tapis-parlant\\\/\",\"url\":\"https:\\\/\\\/www.talkingmats.com\\\/fr\\\/a-propos-de\\\/quest-ce-quun-tapis-parlant\\\/\",\"name\":\"Qu'est-ce qu'un tapis parlant ? - Improving Communication, Improving Lives\",\"isPartOf\":{\"@id\":\"https:\\\/\\\/www.talkingmats.com\\\/fr\\\/#website\"},\"primaryImageOfPage\":{\"@id\":\"https:\\\/\\\/www.talkingmats.com\\\/fr\\\/a-propos-de\\\/quest-ce-quun-tapis-parlant\\\/#primaryimage\"},\"image\":{\"@id\":\"https:\\\/\\\/www.talkingmats.com\\\/fr\\\/a-propos-de\\\/quest-ce-quun-tapis-parlant\\\/#primaryimage\"},\"thumbnailUrl\":\"https:\\\/\\\/www.talkingmats.com\\\/wp-content\\\/uploads\\\/2021\\\/09\\\/Mat-Example-1024x855.png\",\"datePublished\":\"2023-06-13T14:38:15+00:00\",\"dateModified\":\"2025-09-19T09:10:59+00:00\",\"description\":\"Talking Mats is a social enterprise whose vision is to improve the lives of people with communication difficulties. Improving communication and improving lives.\",\"breadcrumb\":{\"@id\":\"https:\\\/\\\/www.talkingmats.com\\\/fr\\\/a-propos-de\\\/quest-ce-quun-tapis-parlant\\\/#breadcrumb\"},\"inLanguage\":\"fr-FR\",\"potentialAction\":[{\"@type\":\"ReadAction\",\"target\":[\"https:\\\/\\\/www.talkingmats.com\\\/fr\\\/a-propos-de\\\/quest-ce-quun-tapis-parlant\\\/\"]}]},{\"@type\":\"ImageObject\",\"inLanguage\":\"fr-FR\",\"@id\":\"https:\\\/\\\/www.talkingmats.com\\\/fr\\\/a-propos-de\\\/quest-ce-quun-tapis-parlant\\\/#primaryimage\",\"url\":\"https:\\\/\\\/www.talkingmats.com\\\/wp-content\\\/uploads\\\/2021\\\/09\\\/Mat-Example-1024x855.png\",\"contentUrl\":\"https:\\\/\\\/www.talkingmats.com\\\/wp-content\\\/uploads\\\/2021\\\/09\\\/Mat-Example-1024x855.png\"},{\"@type\":\"BreadcrumbList\",\"@id\":\"https:\\\/\\\/www.talkingmats.com\\\/fr\\\/a-propos-de\\\/quest-ce-quun-tapis-parlant\\\/#breadcrumb\",\"itemListElement\":[{\"@type\":\"ListItem\",\"position\":1,\"name\":\"Home\",\"item\":\"https:\\\/\\\/www.talkingmats.com\\\/fr\\\/\"},{\"@type\":\"ListItem\",\"position\":2,\"name\":\"A propos de\",\"item\":\"https:\\\/\\\/www.talkingmats.com\\\/fr\\\/a-propos-de\\\/\"},{\"@type\":\"ListItem\",\"position\":3,\"name\":\"Qu&rsquo;est-ce qu&rsquo;un tapis parlant ?\"}]},{\"@type\":\"WebSite\",\"@id\":\"https:\\\/\\\/www.talkingmats.com\\\/fr\\\/#website\",\"url\":\"https:\\\/\\\/www.talkingmats.com\\\/fr\\\/\",\"name\":\"Talking Mats\",\"description\":\"Improving communication, improving lives\",\"publisher\":{\"@id\":\"https:\\\/\\\/www.talkingmats.com\\\/fr\\\/#organization\"},\"potentialAction\":[{\"@type\":\"SearchAction\",\"target\":{\"@type\":\"EntryPoint\",\"urlTemplate\":\"https:\\\/\\\/www.talkingmats.com\\\/fr\\\/?s={search_term_string}\"},\"query-input\":{\"@type\":\"PropertyValueSpecification\",\"valueRequired\":true,\"valueName\":\"search_term_string\"}}],\"inLanguage\":\"fr-FR\"},{\"@type\":\"Organization\",\"@id\":\"https:\\\/\\\/www.talkingmats.com\\\/fr\\\/#organization\",\"name\":\"Talking Mats\",\"url\":\"https:\\\/\\\/www.talkingmats.com\\\/fr\\\/\",\"logo\":{\"@type\":\"ImageObject\",\"inLanguage\":\"fr-FR\",\"@id\":\"https:\\\/\\\/www.talkingmats.com\\\/fr\\\/#\\\/schema\\\/logo\\\/image\\\/\",\"url\":\"https:\\\/\\\/www.talkingmats.com\\\/wp-content\\\/uploads\\\/2021\\\/09\\\/tm-logo.jpg\",\"contentUrl\":\"https:\\\/\\\/www.talkingmats.com\\\/wp-content\\\/uploads\\\/2021\\\/09\\\/tm-logo.jpg\",\"width\":800,\"height\":191,\"caption\":\"Talking Mats\"},\"image\":{\"@id\":\"https:\\\/\\\/www.talkingmats.com\\\/fr\\\/#\\\/schema\\\/logo\\\/image\\\/\"},\"sameAs\":[\"https:\\\/\\\/www.facebook.com\\\/TalkingMats\",\"https:\\\/\\\/x.com\\\/TalkingMats\",\"https:\\\/\\\/www.youtube.com\\\/user\\\/talkingmatsvideos\"]}]}<\/script>\n<!-- \/ Yoast SEO plugin. -->","yoast_head_json":{"title":"Qu'est-ce qu'un tapis parlant ? - Improving Communication, Improving Lives","description":"Talking Mats is a social enterprise whose vision is to improve the lives of people with communication difficulties. Improving communication and improving lives.","robots":{"index":"index","follow":"follow","max-snippet":"max-snippet:-1","max-image-preview":"max-image-preview:large","max-video-preview":"max-video-preview:-1"},"canonical":"https:\/\/www.talkingmats.com\/fr\/a-propos-de\/quest-ce-quun-tapis-parlant\/","og_locale":"fr_FR","og_type":"article","og_title":"Qu'est-ce qu'un tapis parlant ? - Improving Communication, Improving Lives","og_description":"Talking Mats is a social enterprise whose vision is to improve the lives of people with communication difficulties. Improving communication and improving lives.","og_url":"https:\/\/www.talkingmats.com\/fr\/a-propos-de\/quest-ce-quun-tapis-parlant\/","og_site_name":"Talking Mats","article_publisher":"https:\/\/www.facebook.com\/TalkingMats","article_modified_time":"2025-09-19T09:10:59+00:00","og_image":[{"width":2497,"height":2085,"url":"https:\/\/www.talkingmats.com\/wp-content\/uploads\/2021\/09\/Mat-Example.png","type":"image\/png"}],"twitter_card":"summary_large_image","twitter_site":"@TalkingMats","twitter_misc":{"Dur\u00e9e de lecture estim\u00e9e":"2 minutes"},"schema":{"@context":"https:\/\/schema.org","@graph":[{"@type":"WebPage","@id":"https:\/\/www.talkingmats.com\/fr\/a-propos-de\/quest-ce-quun-tapis-parlant\/","url":"https:\/\/www.talkingmats.com\/fr\/a-propos-de\/quest-ce-quun-tapis-parlant\/","name":"Qu'est-ce qu'un tapis parlant ? - Improving Communication, Improving Lives","isPartOf":{"@id":"https:\/\/www.talkingmats.com\/fr\/#website"},"primaryImageOfPage":{"@id":"https:\/\/www.talkingmats.com\/fr\/a-propos-de\/quest-ce-quun-tapis-parlant\/#primaryimage"},"image":{"@id":"https:\/\/www.talkingmats.com\/fr\/a-propos-de\/quest-ce-quun-tapis-parlant\/#primaryimage"},"thumbnailUrl":"https:\/\/www.talkingmats.com\/wp-content\/uploads\/2021\/09\/Mat-Example-1024x855.png","datePublished":"2023-06-13T14:38:15+00:00","dateModified":"2025-09-19T09:10:59+00:00","description":"Talking Mats is a social enterprise whose vision is to improve the lives of people with communication difficulties. Improving communication and improving lives.","breadcrumb":{"@id":"https:\/\/www.talkingmats.com\/fr\/a-propos-de\/quest-ce-quun-tapis-parlant\/#breadcrumb"},"inLanguage":"fr-FR","potentialAction":[{"@type":"ReadAction","target":["https:\/\/www.talkingmats.com\/fr\/a-propos-de\/quest-ce-quun-tapis-parlant\/"]}]},{"@type":"ImageObject","inLanguage":"fr-FR","@id":"https:\/\/www.talkingmats.com\/fr\/a-propos-de\/quest-ce-quun-tapis-parlant\/#primaryimage","url":"https:\/\/www.talkingmats.com\/wp-content\/uploads\/2021\/09\/Mat-Example-1024x855.png","contentUrl":"https:\/\/www.talkingmats.com\/wp-content\/uploads\/2021\/09\/Mat-Example-1024x855.png"},{"@type":"BreadcrumbList","@id":"https:\/\/www.talkingmats.com\/fr\/a-propos-de\/quest-ce-quun-tapis-parlant\/#breadcrumb","itemListElement":[{"@type":"ListItem","position":1,"name":"Home","item":"https:\/\/www.talkingmats.com\/fr\/"},{"@type":"ListItem","position":2,"name":"A propos de","item":"https:\/\/www.talkingmats.com\/fr\/a-propos-de\/"},{"@type":"ListItem","position":3,"name":"Qu&rsquo;est-ce qu&rsquo;un tapis parlant ?"}]},{"@type":"WebSite","@id":"https:\/\/www.talkingmats.com\/fr\/#website","url":"https:\/\/www.talkingmats.com\/fr\/","name":"Talking Mats","description":"Improving communication, improving lives","publisher":{"@id":"https:\/\/www.talkingmats.com\/fr\/#organization"},"potentialAction":[{"@type":"SearchAction","target":{"@type":"EntryPoint","urlTemplate":"https:\/\/www.talkingmats.com\/fr\/?s={search_term_string}"},"query-input":{"@type":"PropertyValueSpecification","valueRequired":true,"valueName":"search_term_string"}}],"inLanguage":"fr-FR"},{"@type":"Organization","@id":"https:\/\/www.talkingmats.com\/fr\/#organization","name":"Talking Mats","url":"https:\/\/www.talkingmats.com\/fr\/","logo":{"@type":"ImageObject","inLanguage":"fr-FR","@id":"https:\/\/www.talkingmats.com\/fr\/#\/schema\/logo\/image\/","url":"https:\/\/www.talkingmats.com\/wp-content\/uploads\/2021\/09\/tm-logo.jpg","contentUrl":"https:\/\/www.talkingmats.com\/wp-content\/uploads\/2021\/09\/tm-logo.jpg","width":800,"height":191,"caption":"Talking Mats"},"image":{"@id":"https:\/\/www.talkingmats.com\/fr\/#\/schema\/logo\/image\/"},"sameAs":["https:\/\/www.facebook.com\/TalkingMats","https:\/\/x.com\/TalkingMats","https:\/\/www.youtube.com\/user\/talkingmatsvideos"]}]}},"_links":{"self":[{"href":"https:\/\/www.talkingmats.com\/fr\/wp-json\/wp\/v2\/pages\/147293","targetHints":{"allow":["GET"]}}],"collection":[{"href":"https:\/\/www.talkingmats.com\/fr\/wp-json\/wp\/v2\/pages"}],"about":[{"href":"https:\/\/www.talkingmats.com\/fr\/wp-json\/wp\/v2\/types\/page"}],"author":[{"embeddable":true,"href":"https:\/\/www.talkingmats.com\/fr\/wp-json\/wp\/v2\/users\/26"}],"replies":[{"embeddable":true,"href":"https:\/\/www.talkingmats.com\/fr\/wp-json\/wp\/v2\/comments?post=147293"}],"version-history":[{"count":1,"href":"https:\/\/www.talkingmats.com\/fr\/wp-json\/wp\/v2\/pages\/147293\/revisions"}],"predecessor-version":[{"id":147294,"href":"https:\/\/www.talkingmats.com\/fr\/wp-json\/wp\/v2\/pages\/147293\/revisions\/147294"}],"up":[{"embeddable":true,"href":"https:\/\/www.talkingmats.com\/fr\/wp-json\/wp\/v2\/pages\/147282"}],"wp:attachment":[{"href":"https:\/\/www.talkingmats.com\/fr\/wp-json\/wp\/v2\/media?parent=147293"}],"curies":[{"name":"wp","href":"https:\/\/api.w.org\/{rel}","templated":true}]}}