{"id":147298,"date":"2020-11-10T12:42:21","date_gmt":"2020-11-10T12:42:21","guid":{"rendered":"https:\/\/www.talkingmats.com\/a-propos-de\/notre-equipe\/"},"modified":"2025-06-04T16:43:19","modified_gmt":"2025-06-04T16:43:19","slug":"notre-equipe","status":"publish","type":"page","link":"https:\/\/www.talkingmats.com\/fr\/a-propos-de\/notre-equipe\/","title":{"rendered":"Notre \u00e9quipe"},"content":{"rendered":"\n<p>Les membres de notre \u00e9quipe viennent d&rsquo;horizons tr\u00e8s divers, mais la seule chose qu&rsquo;ils ont en commun est le d\u00e9sir de soutenir les personnes ayant des difficult\u00e9s de communication. Nous sommes heureux d&rsquo;apporter notre soutien ou nos conseils par t\u00e9l\u00e9phone ou par courrier \u00e9lectronique, alors n&rsquo;h\u00e9sitez pas \u00e0 <a href=\"https:\/\/www.talkingmats.com\/contact-us\/\">nous contacter.<\/a>  <\/p>\n\n<hr class=\"wp-block-separator is-style-dots\"\/>\n\n<p><\/p>\n","protected":false},"excerpt":{"rendered":"<p>Les membres de notre \u00e9quipe viennent d&rsquo;horizons tr\u00e8s divers, mais la seule chose qu&rsquo;ils ont en commun est le d\u00e9sir&hellip;<\/p>\n","protected":false},"author":2,"featured_media":0,"parent":147282,"menu_order":0,"comment_status":"closed","ping_status":"closed","template":"page-templates\/team.php","meta":{"_acf_changed":false,"footnotes":""},"class_list":["post-147298","page","type-page","status-publish","hentry"],"acf":[],"yoast_head":"<!-- This site is optimized with the Yoast SEO plugin v27.3 - https:\/\/yoast.com\/product\/yoast-seo-wordpress\/ -->\n<title>Rencontrer l&#039;\u00e9quipe | Talking Mats<\/title>\n<meta name=\"description\" content=\"Nous sommes une \u00e9quipe d&#039;orthophonistes exp\u00e9riment\u00e9s combinant notre exp\u00e9rience clinique au sein du NHS et nos recherches \u00e0 l&#039;universit\u00e9 de Stirling.\" \/>\n<meta name=\"robots\" content=\"index, follow, max-snippet:-1, max-image-preview:large, max-video-preview:-1\" \/>\n<link rel=\"canonical\" href=\"https:\/\/www.talkingmats.com\/fr\/a-propos-de\/notre-equipe\/\" \/>\n<meta property=\"og:locale\" content=\"fr_FR\" \/>\n<meta property=\"og:type\" content=\"article\" \/>\n<meta property=\"og:title\" content=\"Rencontrer l&#039;\u00e9quipe | Talking Mats\" \/>\n<meta property=\"og:description\" content=\"Nous sommes une \u00e9quipe d&#039;orthophonistes exp\u00e9riment\u00e9s combinant notre exp\u00e9rience clinique au sein du NHS et nos recherches \u00e0 l&#039;universit\u00e9 de Stirling.\" \/>\n<meta property=\"og:url\" content=\"https:\/\/www.talkingmats.com\/fr\/a-propos-de\/notre-equipe\/\" \/>\n<meta property=\"og:site_name\" content=\"Talking Mats\" \/>\n<meta property=\"article:publisher\" content=\"https:\/\/www.facebook.com\/TalkingMats\" \/>\n<meta property=\"article:modified_time\" content=\"2025-06-04T16:43:19+00:00\" \/>\n<meta property=\"og:image\" content=\"https:\/\/www.talkingmats.com\/wp-content\/uploads\/2021\/09\/talking-mats-facebook-e1632492821485.jpg\" \/>\n\t<meta property=\"og:image:width\" content=\"630\" \/>\n\t<meta property=\"og:image:height\" content=\"630\" \/>\n\t<meta property=\"og:image:type\" content=\"image\/jpeg\" \/>\n<meta name=\"twitter:card\" content=\"summary_large_image\" \/>\n<meta name=\"twitter:site\" content=\"@TalkingMats\" \/>\n<script type=\"application\/ld+json\" class=\"yoast-schema-graph\">{\"@context\":\"https:\\\/\\\/schema.org\",\"@graph\":[{\"@type\":\"WebPage\",\"@id\":\"https:\\\/\\\/www.talkingmats.com\\\/fr\\\/a-propos-de\\\/notre-equipe\\\/\",\"url\":\"https:\\\/\\\/www.talkingmats.com\\\/fr\\\/a-propos-de\\\/notre-equipe\\\/\",\"name\":\"Rencontrer l'\u00e9quipe | Talking Mats\",\"isPartOf\":{\"@id\":\"https:\\\/\\\/www.talkingmats.com\\\/fr\\\/#website\"},\"datePublished\":\"2020-11-10T12:42:21+00:00\",\"dateModified\":\"2025-06-04T16:43:19+00:00\",\"description\":\"Nous sommes une \u00e9quipe d'orthophonistes exp\u00e9riment\u00e9s combinant notre exp\u00e9rience clinique au sein du NHS et nos recherches \u00e0 l'universit\u00e9 de Stirling.\",\"breadcrumb\":{\"@id\":\"https:\\\/\\\/www.talkingmats.com\\\/fr\\\/a-propos-de\\\/notre-equipe\\\/#breadcrumb\"},\"inLanguage\":\"fr-FR\",\"potentialAction\":[{\"@type\":\"ReadAction\",\"target\":[\"https:\\\/\\\/www.talkingmats.com\\\/fr\\\/a-propos-de\\\/notre-equipe\\\/\"]}]},{\"@type\":\"BreadcrumbList\",\"@id\":\"https:\\\/\\\/www.talkingmats.com\\\/fr\\\/a-propos-de\\\/notre-equipe\\\/#breadcrumb\",\"itemListElement\":[{\"@type\":\"ListItem\",\"position\":1,\"name\":\"Home\",\"item\":\"https:\\\/\\\/www.talkingmats.com\\\/fr\\\/\"},{\"@type\":\"ListItem\",\"position\":2,\"name\":\"A propos de\",\"item\":\"https:\\\/\\\/www.talkingmats.com\\\/fr\\\/a-propos-de\\\/\"},{\"@type\":\"ListItem\",\"position\":3,\"name\":\"Notre \u00e9quipe\"}]},{\"@type\":\"WebSite\",\"@id\":\"https:\\\/\\\/www.talkingmats.com\\\/fr\\\/#website\",\"url\":\"https:\\\/\\\/www.talkingmats.com\\\/fr\\\/\",\"name\":\"Talking Mats\",\"description\":\"Improving communication, improving lives\",\"publisher\":{\"@id\":\"https:\\\/\\\/www.talkingmats.com\\\/fr\\\/#organization\"},\"potentialAction\":[{\"@type\":\"SearchAction\",\"target\":{\"@type\":\"EntryPoint\",\"urlTemplate\":\"https:\\\/\\\/www.talkingmats.com\\\/fr\\\/?s={search_term_string}\"},\"query-input\":{\"@type\":\"PropertyValueSpecification\",\"valueRequired\":true,\"valueName\":\"search_term_string\"}}],\"inLanguage\":\"fr-FR\"},{\"@type\":\"Organization\",\"@id\":\"https:\\\/\\\/www.talkingmats.com\\\/fr\\\/#organization\",\"name\":\"Talking Mats\",\"url\":\"https:\\\/\\\/www.talkingmats.com\\\/fr\\\/\",\"logo\":{\"@type\":\"ImageObject\",\"inLanguage\":\"fr-FR\",\"@id\":\"https:\\\/\\\/www.talkingmats.com\\\/fr\\\/#\\\/schema\\\/logo\\\/image\\\/\",\"url\":\"https:\\\/\\\/www.talkingmats.com\\\/wp-content\\\/uploads\\\/2021\\\/09\\\/tm-logo.jpg\",\"contentUrl\":\"https:\\\/\\\/www.talkingmats.com\\\/wp-content\\\/uploads\\\/2021\\\/09\\\/tm-logo.jpg\",\"width\":800,\"height\":191,\"caption\":\"Talking Mats\"},\"image\":{\"@id\":\"https:\\\/\\\/www.talkingmats.com\\\/fr\\\/#\\\/schema\\\/logo\\\/image\\\/\"},\"sameAs\":[\"https:\\\/\\\/www.facebook.com\\\/TalkingMats\",\"https:\\\/\\\/x.com\\\/TalkingMats\",\"https:\\\/\\\/www.youtube.com\\\/user\\\/talkingmatsvideos\"]}]}<\/script>\n<!-- \/ Yoast SEO plugin. -->","yoast_head_json":{"title":"Rencontrer l'\u00e9quipe | Talking Mats","description":"Nous sommes une \u00e9quipe d'orthophonistes exp\u00e9riment\u00e9s combinant notre exp\u00e9rience clinique au sein du NHS et nos recherches \u00e0 l'universit\u00e9 de Stirling.","robots":{"index":"index","follow":"follow","max-snippet":"max-snippet:-1","max-image-preview":"max-image-preview:large","max-video-preview":"max-video-preview:-1"},"canonical":"https:\/\/www.talkingmats.com\/fr\/a-propos-de\/notre-equipe\/","og_locale":"fr_FR","og_type":"article","og_title":"Rencontrer l'\u00e9quipe | Talking Mats","og_description":"Nous sommes une \u00e9quipe d'orthophonistes exp\u00e9riment\u00e9s combinant notre exp\u00e9rience clinique au sein du NHS et nos recherches \u00e0 l'universit\u00e9 de Stirling.","og_url":"https:\/\/www.talkingmats.com\/fr\/a-propos-de\/notre-equipe\/","og_site_name":"Talking Mats","article_publisher":"https:\/\/www.facebook.com\/TalkingMats","article_modified_time":"2025-06-04T16:43:19+00:00","og_image":[{"width":630,"height":630,"url":"https:\/\/www.talkingmats.com\/wp-content\/uploads\/2021\/09\/talking-mats-facebook-e1632492821485.jpg","type":"image\/jpeg"}],"twitter_card":"summary_large_image","twitter_site":"@TalkingMats","schema":{"@context":"https:\/\/schema.org","@graph":[{"@type":"WebPage","@id":"https:\/\/www.talkingmats.com\/fr\/a-propos-de\/notre-equipe\/","url":"https:\/\/www.talkingmats.com\/fr\/a-propos-de\/notre-equipe\/","name":"Rencontrer l'\u00e9quipe | Talking Mats","isPartOf":{"@id":"https:\/\/www.talkingmats.com\/fr\/#website"},"datePublished":"2020-11-10T12:42:21+00:00","dateModified":"2025-06-04T16:43:19+00:00","description":"Nous sommes une \u00e9quipe d'orthophonistes exp\u00e9riment\u00e9s combinant notre exp\u00e9rience clinique au sein du NHS et nos recherches \u00e0 l'universit\u00e9 de Stirling.","breadcrumb":{"@id":"https:\/\/www.talkingmats.com\/fr\/a-propos-de\/notre-equipe\/#breadcrumb"},"inLanguage":"fr-FR","potentialAction":[{"@type":"ReadAction","target":["https:\/\/www.talkingmats.com\/fr\/a-propos-de\/notre-equipe\/"]}]},{"@type":"BreadcrumbList","@id":"https:\/\/www.talkingmats.com\/fr\/a-propos-de\/notre-equipe\/#breadcrumb","itemListElement":[{"@type":"ListItem","position":1,"name":"Home","item":"https:\/\/www.talkingmats.com\/fr\/"},{"@type":"ListItem","position":2,"name":"A propos de","item":"https:\/\/www.talkingmats.com\/fr\/a-propos-de\/"},{"@type":"ListItem","position":3,"name":"Notre \u00e9quipe"}]},{"@type":"WebSite","@id":"https:\/\/www.talkingmats.com\/fr\/#website","url":"https:\/\/www.talkingmats.com\/fr\/","name":"Talking Mats","description":"Improving communication, improving lives","publisher":{"@id":"https:\/\/www.talkingmats.com\/fr\/#organization"},"potentialAction":[{"@type":"SearchAction","target":{"@type":"EntryPoint","urlTemplate":"https:\/\/www.talkingmats.com\/fr\/?s={search_term_string}"},"query-input":{"@type":"PropertyValueSpecification","valueRequired":true,"valueName":"search_term_string"}}],"inLanguage":"fr-FR"},{"@type":"Organization","@id":"https:\/\/www.talkingmats.com\/fr\/#organization","name":"Talking Mats","url":"https:\/\/www.talkingmats.com\/fr\/","logo":{"@type":"ImageObject","inLanguage":"fr-FR","@id":"https:\/\/www.talkingmats.com\/fr\/#\/schema\/logo\/image\/","url":"https:\/\/www.talkingmats.com\/wp-content\/uploads\/2021\/09\/tm-logo.jpg","contentUrl":"https:\/\/www.talkingmats.com\/wp-content\/uploads\/2021\/09\/tm-logo.jpg","width":800,"height":191,"caption":"Talking Mats"},"image":{"@id":"https:\/\/www.talkingmats.com\/fr\/#\/schema\/logo\/image\/"},"sameAs":["https:\/\/www.facebook.com\/TalkingMats","https:\/\/x.com\/TalkingMats","https:\/\/www.youtube.com\/user\/talkingmatsvideos"]}]}},"_links":{"self":[{"href":"https:\/\/www.talkingmats.com\/fr\/wp-json\/wp\/v2\/pages\/147298","targetHints":{"allow":["GET"]}}],"collection":[{"href":"https:\/\/www.talkingmats.com\/fr\/wp-json\/wp\/v2\/pages"}],"about":[{"href":"https:\/\/www.talkingmats.com\/fr\/wp-json\/wp\/v2\/types\/page"}],"author":[{"embeddable":true,"href":"https:\/\/www.talkingmats.com\/fr\/wp-json\/wp\/v2\/users\/2"}],"replies":[{"embeddable":true,"href":"https:\/\/www.talkingmats.com\/fr\/wp-json\/wp\/v2\/comments?post=147298"}],"version-history":[{"count":1,"href":"https:\/\/www.talkingmats.com\/fr\/wp-json\/wp\/v2\/pages\/147298\/revisions"}],"predecessor-version":[{"id":147299,"href":"https:\/\/www.talkingmats.com\/fr\/wp-json\/wp\/v2\/pages\/147298\/revisions\/147299"}],"up":[{"embeddable":true,"href":"https:\/\/www.talkingmats.com\/fr\/wp-json\/wp\/v2\/pages\/147282"}],"wp:attachment":[{"href":"https:\/\/www.talkingmats.com\/fr\/wp-json\/wp\/v2\/media?parent=147298"}],"curies":[{"name":"wp","href":"https:\/\/api.w.org\/{rel}","templated":true}]}}