{"id":147290,"date":"2020-11-10T12:44:08","date_gmt":"2020-11-10T12:44:08","guid":{"rendered":"https:\/\/www.talkingmats.com\/om\/utmarkelser\/"},"modified":"2020-11-10T12:44:08","modified_gmt":"2020-11-10T12:44:08","slug":"utmarkelser","status":"publish","type":"page","link":"https:\/\/www.talkingmats.com\/sv\/om\/utmarkelser\/","title":{"rendered":"Utm\u00e4rkelser"},"content":{"rendered":"","protected":false},"excerpt":{"rendered":"","protected":false},"author":2,"featured_media":0,"parent":147285,"menu_order":0,"comment_status":"closed","ping_status":"closed","template":"","meta":{"_acf_changed":false,"footnotes":""},"class_list":["post-147290","page","type-page","status-publish","hentry"],"acf":[],"yoast_head":"<!-- This site is optimized with the Yoast SEO plugin v27.4 - https:\/\/yoast.com\/product\/yoast-seo-wordpress\/ -->\n<title>Utm\u00e4rkelser - Talande mattor<\/title>\n<meta name=\"description\" content=\"Vi \u00e4r glada \u00f6ver att ha vunnit flera utm\u00e4rkelser, bland annat People Driven Digital Health Award, tillsammans med m\u00e5nga andra innovat\u00f6rer inom digital h\u00e4lsa i Storbritannien.\" \/>\n<meta name=\"robots\" content=\"index, follow, max-snippet:-1, max-image-preview:large, max-video-preview:-1\" \/>\n<link rel=\"canonical\" href=\"https:\/\/www.talkingmats.com\/sv\/om\/utmarkelser\/\" \/>\n<meta property=\"og:locale\" content=\"sv_SE\" \/>\n<meta property=\"og:type\" content=\"article\" \/>\n<meta property=\"og:title\" content=\"Utm\u00e4rkelser - Talande mattor\" \/>\n<meta property=\"og:description\" content=\"Vi \u00e4r glada \u00f6ver att ha vunnit flera utm\u00e4rkelser, bland annat People Driven Digital Health Award, tillsammans med m\u00e5nga andra innovat\u00f6rer inom digital h\u00e4lsa i Storbritannien.\" \/>\n<meta property=\"og:url\" content=\"https:\/\/www.talkingmats.com\/sv\/om\/utmarkelser\/\" \/>\n<meta property=\"og:site_name\" content=\"Talking Mats\" \/>\n<meta property=\"article:publisher\" content=\"https:\/\/www.facebook.com\/TalkingMats\" \/>\n<meta property=\"og:image\" content=\"https:\/\/www.talkingmats.com\/wp-content\/uploads\/2021\/09\/talking-mats-facebook-e1632492821485.jpg\" \/>\n\t<meta property=\"og:image:width\" content=\"630\" \/>\n\t<meta property=\"og:image:height\" content=\"630\" \/>\n\t<meta property=\"og:image:type\" content=\"image\/jpeg\" \/>\n<meta name=\"twitter:card\" content=\"summary_large_image\" \/>\n<meta name=\"twitter:site\" content=\"@TalkingMats\" \/>\n<script type=\"application\/ld+json\" class=\"yoast-schema-graph\">{\"@context\":\"https:\\\/\\\/schema.org\",\"@graph\":[{\"@type\":\"WebPage\",\"@id\":\"https:\\\/\\\/www.talkingmats.com\\\/sv\\\/om\\\/utmarkelser\\\/\",\"url\":\"https:\\\/\\\/www.talkingmats.com\\\/sv\\\/om\\\/utmarkelser\\\/\",\"name\":\"Utm\u00e4rkelser - Talande mattor\",\"isPartOf\":{\"@id\":\"https:\\\/\\\/www.talkingmats.com\\\/sv\\\/#website\"},\"datePublished\":\"2020-11-10T12:44:08+00:00\",\"description\":\"Vi \u00e4r glada \u00f6ver att ha vunnit flera utm\u00e4rkelser, bland annat People Driven Digital Health Award, tillsammans med m\u00e5nga andra innovat\u00f6rer inom digital h\u00e4lsa i Storbritannien.\",\"breadcrumb\":{\"@id\":\"https:\\\/\\\/www.talkingmats.com\\\/sv\\\/om\\\/utmarkelser\\\/#breadcrumb\"},\"inLanguage\":\"sv-SE\",\"potentialAction\":[{\"@type\":\"ReadAction\",\"target\":[\"https:\\\/\\\/www.talkingmats.com\\\/sv\\\/om\\\/utmarkelser\\\/\"]}]},{\"@type\":\"BreadcrumbList\",\"@id\":\"https:\\\/\\\/www.talkingmats.com\\\/sv\\\/om\\\/utmarkelser\\\/#breadcrumb\",\"itemListElement\":[{\"@type\":\"ListItem\",\"position\":1,\"name\":\"Home\",\"item\":\"https:\\\/\\\/www.talkingmats.com\\\/sv\\\/?page_id=148313\"},{\"@type\":\"ListItem\",\"position\":2,\"name\":\"Om\",\"item\":\"https:\\\/\\\/www.talkingmats.com\\\/sv\\\/om\\\/\"},{\"@type\":\"ListItem\",\"position\":3,\"name\":\"Utm\u00e4rkelser\"}]},{\"@type\":\"WebSite\",\"@id\":\"https:\\\/\\\/www.talkingmats.com\\\/sv\\\/#website\",\"url\":\"https:\\\/\\\/www.talkingmats.com\\\/sv\\\/\",\"name\":\"Talking Mats\",\"description\":\"Improving communication, improving lives\",\"publisher\":{\"@id\":\"https:\\\/\\\/www.talkingmats.com\\\/sv\\\/#organization\"},\"potentialAction\":[{\"@type\":\"SearchAction\",\"target\":{\"@type\":\"EntryPoint\",\"urlTemplate\":\"https:\\\/\\\/www.talkingmats.com\\\/sv\\\/?s={search_term_string}\"},\"query-input\":{\"@type\":\"PropertyValueSpecification\",\"valueRequired\":true,\"valueName\":\"search_term_string\"}}],\"inLanguage\":\"sv-SE\"},{\"@type\":\"Organization\",\"@id\":\"https:\\\/\\\/www.talkingmats.com\\\/sv\\\/#organization\",\"name\":\"Talking Mats\",\"url\":\"https:\\\/\\\/www.talkingmats.com\\\/sv\\\/\",\"logo\":{\"@type\":\"ImageObject\",\"inLanguage\":\"sv-SE\",\"@id\":\"https:\\\/\\\/www.talkingmats.com\\\/sv\\\/#\\\/schema\\\/logo\\\/image\\\/\",\"url\":\"https:\\\/\\\/www.talkingmats.com\\\/wp-content\\\/uploads\\\/2021\\\/09\\\/tm-logo.jpg\",\"contentUrl\":\"https:\\\/\\\/www.talkingmats.com\\\/wp-content\\\/uploads\\\/2021\\\/09\\\/tm-logo.jpg\",\"width\":800,\"height\":191,\"caption\":\"Talking Mats\"},\"image\":{\"@id\":\"https:\\\/\\\/www.talkingmats.com\\\/sv\\\/#\\\/schema\\\/logo\\\/image\\\/\"},\"sameAs\":[\"https:\\\/\\\/www.facebook.com\\\/TalkingMats\",\"https:\\\/\\\/x.com\\\/TalkingMats\",\"https:\\\/\\\/www.youtube.com\\\/user\\\/talkingmatsvideos\"]}]}<\/script>\n<!-- \/ Yoast SEO plugin. -->","yoast_head_json":{"title":"Utm\u00e4rkelser - Talande mattor","description":"Vi \u00e4r glada \u00f6ver att ha vunnit flera utm\u00e4rkelser, bland annat People Driven Digital Health Award, tillsammans med m\u00e5nga andra innovat\u00f6rer inom digital h\u00e4lsa i Storbritannien.","robots":{"index":"index","follow":"follow","max-snippet":"max-snippet:-1","max-image-preview":"max-image-preview:large","max-video-preview":"max-video-preview:-1"},"canonical":"https:\/\/www.talkingmats.com\/sv\/om\/utmarkelser\/","og_locale":"sv_SE","og_type":"article","og_title":"Utm\u00e4rkelser - Talande mattor","og_description":"Vi \u00e4r glada \u00f6ver att ha vunnit flera utm\u00e4rkelser, bland annat People Driven Digital Health Award, tillsammans med m\u00e5nga andra innovat\u00f6rer inom digital h\u00e4lsa i Storbritannien.","og_url":"https:\/\/www.talkingmats.com\/sv\/om\/utmarkelser\/","og_site_name":"Talking Mats","article_publisher":"https:\/\/www.facebook.com\/TalkingMats","og_image":[{"width":630,"height":630,"url":"https:\/\/www.talkingmats.com\/wp-content\/uploads\/2021\/09\/talking-mats-facebook-e1632492821485.jpg","type":"image\/jpeg"}],"twitter_card":"summary_large_image","twitter_site":"@TalkingMats","schema":{"@context":"https:\/\/schema.org","@graph":[{"@type":"WebPage","@id":"https:\/\/www.talkingmats.com\/sv\/om\/utmarkelser\/","url":"https:\/\/www.talkingmats.com\/sv\/om\/utmarkelser\/","name":"Utm\u00e4rkelser - Talande mattor","isPartOf":{"@id":"https:\/\/www.talkingmats.com\/sv\/#website"},"datePublished":"2020-11-10T12:44:08+00:00","description":"Vi \u00e4r glada \u00f6ver att ha vunnit flera utm\u00e4rkelser, bland annat People Driven Digital Health Award, tillsammans med m\u00e5nga andra innovat\u00f6rer inom digital h\u00e4lsa i Storbritannien.","breadcrumb":{"@id":"https:\/\/www.talkingmats.com\/sv\/om\/utmarkelser\/#breadcrumb"},"inLanguage":"sv-SE","potentialAction":[{"@type":"ReadAction","target":["https:\/\/www.talkingmats.com\/sv\/om\/utmarkelser\/"]}]},{"@type":"BreadcrumbList","@id":"https:\/\/www.talkingmats.com\/sv\/om\/utmarkelser\/#breadcrumb","itemListElement":[{"@type":"ListItem","position":1,"name":"Home","item":"https:\/\/www.talkingmats.com\/sv\/?page_id=148313"},{"@type":"ListItem","position":2,"name":"Om","item":"https:\/\/www.talkingmats.com\/sv\/om\/"},{"@type":"ListItem","position":3,"name":"Utm\u00e4rkelser"}]},{"@type":"WebSite","@id":"https:\/\/www.talkingmats.com\/sv\/#website","url":"https:\/\/www.talkingmats.com\/sv\/","name":"Talking Mats","description":"Improving communication, improving lives","publisher":{"@id":"https:\/\/www.talkingmats.com\/sv\/#organization"},"potentialAction":[{"@type":"SearchAction","target":{"@type":"EntryPoint","urlTemplate":"https:\/\/www.talkingmats.com\/sv\/?s={search_term_string}"},"query-input":{"@type":"PropertyValueSpecification","valueRequired":true,"valueName":"search_term_string"}}],"inLanguage":"sv-SE"},{"@type":"Organization","@id":"https:\/\/www.talkingmats.com\/sv\/#organization","name":"Talking Mats","url":"https:\/\/www.talkingmats.com\/sv\/","logo":{"@type":"ImageObject","inLanguage":"sv-SE","@id":"https:\/\/www.talkingmats.com\/sv\/#\/schema\/logo\/image\/","url":"https:\/\/www.talkingmats.com\/wp-content\/uploads\/2021\/09\/tm-logo.jpg","contentUrl":"https:\/\/www.talkingmats.com\/wp-content\/uploads\/2021\/09\/tm-logo.jpg","width":800,"height":191,"caption":"Talking Mats"},"image":{"@id":"https:\/\/www.talkingmats.com\/sv\/#\/schema\/logo\/image\/"},"sameAs":["https:\/\/www.facebook.com\/TalkingMats","https:\/\/x.com\/TalkingMats","https:\/\/www.youtube.com\/user\/talkingmatsvideos"]}]}},"_links":{"self":[{"href":"https:\/\/www.talkingmats.com\/sv\/wp-json\/wp\/v2\/pages\/147290","targetHints":{"allow":["GET"]}}],"collection":[{"href":"https:\/\/www.talkingmats.com\/sv\/wp-json\/wp\/v2\/pages"}],"about":[{"href":"https:\/\/www.talkingmats.com\/sv\/wp-json\/wp\/v2\/types\/page"}],"author":[{"embeddable":true,"href":"https:\/\/www.talkingmats.com\/sv\/wp-json\/wp\/v2\/users\/2"}],"replies":[{"embeddable":true,"href":"https:\/\/www.talkingmats.com\/sv\/wp-json\/wp\/v2\/comments?post=147290"}],"version-history":[{"count":0,"href":"https:\/\/www.talkingmats.com\/sv\/wp-json\/wp\/v2\/pages\/147290\/revisions"}],"up":[{"embeddable":true,"href":"https:\/\/www.talkingmats.com\/sv\/wp-json\/wp\/v2\/pages\/147285"}],"wp:attachment":[{"href":"https:\/\/www.talkingmats.com\/sv\/wp-json\/wp\/v2\/media?parent=147290"}],"curies":[{"name":"wp","href":"https:\/\/api.w.org\/{rel}","templated":true}]}}